{"id":115,"date":"2024-11-13T08:53:55","date_gmt":"2024-11-13T07:53:55","guid":{"rendered":"https:\/\/decodemilie.fr\/?page_id=115"},"modified":"2024-11-13T18:58:07","modified_gmt":"2024-11-13T17:58:07","slug":"amenagement-et-decoration-dun-gite","status":"publish","type":"page","link":"https:\/\/decodemilie.fr\/index.php\/amenagement-et-decoration-dun-gite\/","title":{"rendered":"Am\u00e9nagement et D\u00e9coration d&#8217;un g\u00eete"},"content":{"rendered":"","protected":false},"excerpt":{"rendered":"","protected":false},"author":1,"featured_media":0,"parent":0,"menu_order":0,"comment_status":"closed","ping_status":"closed","template":"projet-detail-gite-olivier","meta":{"footnotes":""},"class_list":["post-115","page","type-page","status-publish","hentry"],"_links":{"self":[{"href":"https:\/\/decodemilie.fr\/index.php\/wp-json\/wp\/v2\/pages\/115","targetHints":{"allow":["GET"]}}],"collection":[{"href":"https:\/\/decodemilie.fr\/index.php\/wp-json\/wp\/v2\/pages"}],"about":[{"href":"https:\/\/decodemilie.fr\/index.php\/wp-json\/wp\/v2\/types\/page"}],"author":[{"embeddable":true,"href":"https:\/\/decodemilie.fr\/index.php\/wp-json\/wp\/v2\/users\/1"}],"replies":[{"embeddable":true,"href":"https:\/\/decodemilie.fr\/index.php\/wp-json\/wp\/v2\/comments?post=115"}],"version-history":[{"count":1,"href":"https:\/\/decodemilie.fr\/index.php\/wp-json\/wp\/v2\/pages\/115\/revisions"}],"predecessor-version":[{"id":116,"href":"https:\/\/decodemilie.fr\/index.php\/wp-json\/wp\/v2\/pages\/115\/revisions\/116"}],"wp:attachment":[{"href":"https:\/\/decodemilie.fr\/index.php\/wp-json\/wp\/v2\/media?parent=115"}],"curies":[{"name":"wp","href":"https:\/\/api.w.org\/{rel}","templated":true}]}}