{"id":10,"date":"2024-11-09T14:40:22","date_gmt":"2024-11-09T13:40:22","guid":{"rendered":"https:\/\/decodemilie.fr\/?page_id=10"},"modified":"2024-11-12T14:54:01","modified_gmt":"2024-11-12T13:54:01","slug":"a-propos","status":"publish","type":"page","link":"https:\/\/decodemilie.fr\/index.php\/a-propos\/","title":{"rendered":"A Propos"},"content":{"rendered":"\n<div class=\"section-wrapper\" data-id=\"tCOlqI\"><section class=\"wp-block-gutenverse-section guten-element guten-section guten-tCOlqI layout-boxed align-stretch\"><div class=\"guten-container guten-column-gap-default\">\n<div class=\"wp-block-gutenverse-column guten-element guten-column guten-bGOpBl animated guten-element-hide desktop-fadeInLeft\"><div class=\"guten-column-wrapper\" data-id=\"bGOpBl\">\n<h2 class=\"wp-block-gutenverse-heading guten-element guten-WbIqHf\">Qui suis-je?<\/h2>\n\n\n\n<h5 class=\"wp-block-gutenverse-heading guten-element guten-GqpPRO animated guten-element-hide desktop-fadeInLeft\">Emilie Charpenel, architecte d&#8217;interieur et decoratrice<\/h5>\n\n\n\n<div class=\"guten-element gutenverse-text-editor guten-W5WFOg\"><div class=\"text-content-inner\">\n<p>Je suis mari\u00e9e \u00e0 un homme passionn\u00e9 et un tantinet hyperactif\u2026, et je suis maman de 3 beaux gar\u00e7ons. Ils font de moi une personne joyeuse et dynamique.<\/p>\n\n\n\n<p>J\u2019habite un joli petit village de Dr\u00f4me Proven\u00e7ale.<\/p>\n\n\n\n<p>En parall\u00e8le d\u2019une carri\u00e8re d\u2019une vingtaine d\u2019ann\u00e9e dans le milieu pharmaceutique, en passant d\u2019officine de ville au monde hospitalier ces derni\u00e8res ann\u00e9es, j\u2019ai eu la chance de pouvoir m\u2019\u00e9panouir personnellement dans divers projets de restauration de biens anciens. Des ann\u00e9es de projets et de travaux, qui m\u2019ont donn\u00e9 envie plus r\u00e9cemment de continuer cette aventure mais pour les autres cette fois&nbsp;!<\/p>\n\n\n\n<p>Apr\u00e8s un bilan de comp\u00e9tence qui m\u2019a confort\u00e9 dans cette direction, et une formation de reconversion chez MJM Graphic Design, je suis ravie de me plonger dans l\u2019aventure de vos projets&nbsp;!<\/p>\n\n\n\n<p>&#8220;Je retrouve n\u00e9anmoins dans cette nouvelle vie professionnelle deux \u00e9l\u00e9ments qui me tenaient \u00e0 c\u0153ur dans le monde pharmaceutique et hospitalier&nbsp;: la technicit\u00e9 et l\u2019humain<\/p>\n<\/div><\/div>\n\n\n\n<div class=\"guten-element guten-button-wrapper guten-CUPXE2\"><a class=\"guten-button guten-button-sm\" href=\"#\"><span>Read more<\/span><\/a><\/div>\n<\/div><\/div>\n\n\n\n<div class=\"wp-block-gutenverse-column guten-element guten-column guten-DrUcl9\"><div class=\"guten-column-wrapper\" data-id=\"DrUcl9\">\n<div class=\"wp-block-gutenverse-image guten-element guten-image guten-vcyyIJ animated guten-element-hide desktop-fadeInRight hide-mobile\"><div class=\"guten-image-wrapper\"><img loading=\"lazy\" decoding=\"async\" class=\"gutenverse-image-box-filled\" src=\"http:\/\/decodemilie.fr\/wp-content\/uploads\/2024\/11\/Photo-profil-fond-flou.jpg\" height=\"2136\" width=\"2031\"\/><\/div><\/div>\n\n\n\n<div class=\"section-wrapper\" data-id=\"qV5cs4\"><section class=\"wp-block-gutenverse-section guten-element guten-section guten-qV5cs4 layout-boxed align-stretch\"><div class=\"guten-container guten-column-gap-no\">\n<div class=\"wp-block-gutenverse-column guten-element guten-column guten-aYO2f8\"><div class=\"guten-column-wrapper\" data-id=\"aYO2f8\">\n<div class=\"guten-element gutenverse-text-editor guten-fsYpaw\"><div class=\"text-content-inner\">\n<p>&#8220;Soyez vous-m\u00eame, les autres sont d\u00e9j\u00e0 pris&#8221;<\/p>\n<\/div><\/div>\n<\/div><\/div>\n<\/div><\/section><\/div>\n\n\n\n<figure class=\"wp-block-image size-large\"><img loading=\"lazy\" decoding=\"async\" width=\"724\" height=\"1024\" src=\"http:\/\/decodemilie.fr\/wp-content\/uploads\/2024\/11\/Oscar-Wild-2-pdf-724x1024.jpg\" alt=\"\" class=\"wp-image-52\"\/><\/figure>\n<\/div><\/div>\n<\/div><\/section><\/div>\n","protected":false},"excerpt":{"rendered":"","protected":false},"author":1,"featured_media":36,"parent":0,"menu_order":0,"comment_status":"closed","ping_status":"closed","template":"about","meta":{"footnotes":""},"class_list":["post-10","page","type-page","status-publish","has-post-thumbnail","hentry"],"_links":{"self":[{"href":"https:\/\/decodemilie.fr\/index.php\/wp-json\/wp\/v2\/pages\/10","targetHints":{"allow":["GET"]}}],"collection":[{"href":"https:\/\/decodemilie.fr\/index.php\/wp-json\/wp\/v2\/pages"}],"about":[{"href":"https:\/\/decodemilie.fr\/index.php\/wp-json\/wp\/v2\/types\/page"}],"author":[{"embeddable":true,"href":"https:\/\/decodemilie.fr\/index.php\/wp-json\/wp\/v2\/users\/1"}],"replies":[{"embeddable":true,"href":"https:\/\/decodemilie.fr\/index.php\/wp-json\/wp\/v2\/comments?post=10"}],"version-history":[{"count":10,"href":"https:\/\/decodemilie.fr\/index.php\/wp-json\/wp\/v2\/pages\/10\/revisions"}],"predecessor-version":[{"id":54,"href":"https:\/\/decodemilie.fr\/index.php\/wp-json\/wp\/v2\/pages\/10\/revisions\/54"}],"wp:featuredmedia":[{"embeddable":true,"href":"https:\/\/decodemilie.fr\/index.php\/wp-json\/wp\/v2\/media\/36"}],"wp:attachment":[{"href":"https:\/\/decodemilie.fr\/index.php\/wp-json\/wp\/v2\/media?parent=10"}],"curies":[{"name":"wp","href":"https:\/\/api.w.org\/{rel}","templated":true}]}}